{"id":1085,"date":"2023-05-30T18:22:48","date_gmt":"2023-05-30T18:22:48","guid":{"rendered":"https:\/\/canalcastilla.es\/?page_id=1085"},"modified":"2023-05-30T18:39:56","modified_gmt":"2023-05-30T18:39:56","slug":"los-presos-en-el-canal","status":"publish","type":"page","link":"https:\/\/canalcastilla.es\/?page_id=1085","title":{"rendered":"Los Presos en el Canal"},"content":{"rendered":"<p><strong><span style=\"color: #ff6600;\">Alexander Mackenzie <\/span><\/strong>en su libro\u00a0<em>Spain Revisited (vol.\u00a0II)<\/em>, nos cuenta la historia del Canal\u00a0 y sus vicisitudes no muy precisas pero que no desmerecen.<\/p>\n<p><strong>SE ENCUENTRA CON LOS PRESOS A LO LARGO DEL CANAL<\/strong><\/p>\n<p>\u2026\u00a0<i>Despu\u00e9s de montar durante un rato a lo largo del canal, llegu\u00e9 a un punto en el que un gran n\u00famero de presos estaban excavando la ribera del Pisuerga, el trabajo se estaba realizando de la mejor manera, haciendo este gran esfuerzo para asegurar su firmeza y durabilidad. El lecho del Canal me pareci\u00f3 a mi que ten\u00eda una profundidad y anchura innecesarias aunque no llegaba a la que se observaba en el Canal de Arag\u00f3n. Los espa\u00f1oles tienen un gusto por la grandeza y duraci\u00f3n de sus obras p\u00fablicas lo cual les favorece a este respecto con la ligereza y temporalidad de las nuestras.<\/i><\/p>\n<p><i>Sin embargo, nosotros tenemos nuestras ventajas; nosotros ejecutamos mientras que ellos hablan; nosotros completamos mientras que ellos comienzan. Con una poblaci\u00f3n algo superior a la suya, y much\u00edsimo m\u00e1s dispersa, \u2026. nosotros comenzamos y terminamos quince trabajos, mientras que ellos se auto glorifican por el comienzo de uno\u2026<\/i><\/p>\n<h6>Despu\u00e9s de este autobombo,<\/h6>\n<p>del que quiz\u00e1s no le falte algo de raz\u00f3n, nos cuenta algunos detalles de su encuentro con los presos.<\/p>\n<p>\u2026\u00a0<i>Los pobres hombres empleados aqu\u00ed est\u00e1n vestidos con andrajos y en una gran miseria. Algunos se encargan de preparar la comida en grandes ollas y otros de la imprescindible labor de afeitar a los dem\u00e1s. En algunos lugares hay cuevas y oquedades excavadas en las laderas pr\u00f3ximas al canal para refugio del sol y la lluvia en sus horas de asueto.<\/i><\/p>\n<p><i>Estos delincuentes no reciben m\u00e1s que 10 c\u00e9ntimos a diario, con los que tienen que vestirse y alimentarse adem\u00e1s de proveerse del lujo del tabaco, del cual bajo ning\u00fan concepto se privan. Una peque\u00f1a miseria que adem\u00e1s se ve reducida por la corrupci\u00f3n de los oficiales que tienen el monopolio de satisfacer sus deseos extorsion\u00e1ndoles grandes sumas hasta exprimirles la sangre\u2026<\/i><\/p>\n<p><i>Seg\u00fan pasaba por la orilla del Canal por encima de ellos, algunos se acercaban a mi extendiendo sus sombreros pidi\u00e9ndome algunos cigarros o dinero para comprarlos. De forma educada, no servil. Con el tono en el que la miseria te envalentona\u2026<\/i><\/p>\n<p><i>Sobre un promontorio, observando el \u00e1rea de trabajo, se encontraban apostados un grupo de soldados. Solamente un centinela vigilaba por la orilla mientras que los dem\u00e1s, despu\u00e9s de apilar sus mosquetones, jugaban a las cartas o sesteaban al sol.<\/i><\/p>\n<h6>Informaci\u00f3n sacada de Historias den blanco y negro del canal de Castilla: Presos en el Canal\u00a0 &#8211; 24 mayo 2022<\/h6>\n","protected":false},"excerpt":{"rendered":"<p>Alexander Mackenzie en su libro\u00a0Spain Revisited (vol.\u00a0II), nos cuenta la historia del Canal\u00a0 y sus vicisitudes no muy precisas pero que no desmerecen. SE ENCUENTRA CON LOS PRESOS A LO LARGO DEL CANAL \u2026\u00a0Despu\u00e9s de montar durante un rato a lo largo del canal, llegu\u00e9 a un punto en el que un gran n\u00famero de [&hellip;]<\/p>\n","protected":false},"author":1,"featured_media":0,"parent":0,"menu_order":0,"comment_status":"closed","ping_status":"closed","template":"","meta":{"footnotes":""},"class_list":["post-1085","page","type-page","status-publish","hentry"],"_links":{"self":[{"href":"https:\/\/canalcastilla.es\/index.php?rest_route=\/wp\/v2\/pages\/1085","targetHints":{"allow":["GET"]}}],"collection":[{"href":"https:\/\/canalcastilla.es\/index.php?rest_route=\/wp\/v2\/pages"}],"about":[{"href":"https:\/\/canalcastilla.es\/index.php?rest_route=\/wp\/v2\/types\/page"}],"author":[{"embeddable":true,"href":"https:\/\/canalcastilla.es\/index.php?rest_route=\/wp\/v2\/users\/1"}],"replies":[{"embeddable":true,"href":"https:\/\/canalcastilla.es\/index.php?rest_route=%2Fwp%2Fv2%2Fcomments&post=1085"}],"version-history":[{"count":2,"href":"https:\/\/canalcastilla.es\/index.php?rest_route=\/wp\/v2\/pages\/1085\/revisions"}],"predecessor-version":[{"id":1089,"href":"https:\/\/canalcastilla.es\/index.php?rest_route=\/wp\/v2\/pages\/1085\/revisions\/1089"}],"wp:attachment":[{"href":"https:\/\/canalcastilla.es\/index.php?rest_route=%2Fwp%2Fv2%2Fmedia&parent=1085"}],"curies":[{"name":"wp","href":"https:\/\/api.w.org\/{rel}","templated":true}]}}